{"id":28,"date":"2020-11-19T15:25:54","date_gmt":"2020-11-19T14:25:54","guid":{"rendered":"http:\/\/gite-provence-chateaumazane.com\/?page_id=28"},"modified":"2026-04-10T10:06:05","modified_gmt":"2026-04-10T08:06:05","slug":"bienvenue-au-gite-chateau-mazane","status":"publish","type":"page","link":"https:\/\/gite-provence-chateaumazane.com\/","title":{"rendered":"Bienvenue au gite Ch\u00e2teau Mazane"},"content":{"rendered":"\n<div class=\"wp-block-columns is-layout-flex wp-container-core-columns-is-layout-9d6595d7 wp-block-columns-is-layout-flex\">\n<div class=\"wp-block-column is-vertically-aligned-center is-layout-flow wp-block-column-is-layout-flow\" style=\"flex-basis:33.33%\"><div class=\"wp-block-image is-style-rounded\">\n<figure class=\"aligncenter size-large\"><img decoding=\"async\" src=\"https:\/\/gite-provence-chateaumazane.com\/wp-content\/uploads\/2026\/04\/gite26-2-piscine-1-1024x683.webp\" alt=\"\" class=\"wp-image-316\"\/><\/figure>\n<\/div><\/div>\n\n\n\n<div class=\"wp-block-column is-vertically-aligned-center is-layout-flow wp-block-column-is-layout-flow\" style=\"flex-basis:66.66%\">\n<p>En plein coeur de la Provence et au centre du prestigieux vignoble de Vacqueyras, nous vous proposons une ravissante demeure au style Proven\u00e7al pour vos vacances.<\/p>\n\n\n\n<p>Cette propri\u00e9t\u00e9 d&#8217;onze hectares d&#8217;un calme absolu allie charme, caract\u00e8re et \u00e9l\u00e9gance. Le paysage environnant est tr\u00e8s reposant, avec vue sur le vignoble, les prestigieuses Dentelles de Montmirail et le Mont Ventoux.<\/p>\n<\/div>\n<\/div>\n\n\n\n<div class=\"wp-block-columns is-layout-flex wp-container-core-columns-is-layout-9d6595d7 wp-block-columns-is-layout-flex\">\n<div class=\"wp-block-column is-vertically-aligned-center is-layout-flow wp-block-column-is-layout-flow\" style=\"flex-basis:66.66%\">\n<p>Nous avons port\u00e9 une attention particuli\u00e8re aux infrastructures et \u00e0 la d\u00e9coration afin de vous offrir le meilleur. <strong>NOUVEAUTE : Une salle de jeux avec Baby Foot &#8211; Billard &#8211; 2 arcades de jeux &#8211; Coin Cin\u00e9ma acc\u00e8s NETFLIX &#8211; Jeu de Fl\u00e9chettes<\/strong><\/p>\n\n\n\n<p>Sur une superficie d&#8217;environ 3000 m<sup>2<\/sup>, le parc bois\u00e9 est \u00e0 votre disposition pour vous reposer les apr\u00e8s-midi chaudes et ensoleill\u00e9es ou comme aire de jeux pour les enfants <\/p>\n<\/div>\n\n\n\n<div class=\"wp-block-column is-layout-flow wp-block-column-is-layout-flow\" style=\"flex-basis:33.33%\"><div class=\"wp-block-image is-style-rounded\">\n<figure class=\"aligncenter size-large\"><img loading=\"lazy\" decoding=\"async\" width=\"1024\" height=\"683\" src=\"https:\/\/gite-provence-chateaumazane.com\/wp-content\/uploads\/2026\/04\/gite26-8mourvedre-1024x683.webp\" alt=\"\" class=\"wp-image-315\" srcset=\"https:\/\/gite-provence-chateaumazane.com\/wp-content\/uploads\/2026\/04\/gite26-8mourvedre-1024x683.webp 1024w, https:\/\/gite-provence-chateaumazane.com\/wp-content\/uploads\/2026\/04\/gite26-8mourvedre-300x200.webp 300w, https:\/\/gite-provence-chateaumazane.com\/wp-content\/uploads\/2026\/04\/gite26-8mourvedre-768x512.webp 768w, https:\/\/gite-provence-chateaumazane.com\/wp-content\/uploads\/2026\/04\/gite26-8mourvedre-1536x1025.webp 1536w, https:\/\/gite-provence-chateaumazane.com\/wp-content\/uploads\/2026\/04\/gite26-8mourvedre.webp 2048w\" sizes=\"auto, (max-width: 1024px) 100vw, 1024px\" \/><\/figure>\n<\/div><\/div>\n<\/div>\n\n\n\n<div class=\"wp-block-columns is-layout-flex wp-container-core-columns-is-layout-9d6595d7 wp-block-columns-is-layout-flex\">\n<div class=\"wp-block-column is-layout-flow wp-block-column-is-layout-flow\" style=\"flex-basis:33.33%\"><div class=\"wp-block-image is-style-rounded\">\n<figure class=\"aligncenter size-large\"><img loading=\"lazy\" decoding=\"async\" width=\"1024\" height=\"683\" src=\"https:\/\/gite-provence-chateaumazane.com\/wp-content\/uploads\/2020\/11\/IMG_0251-1024x683.jpg\" alt=\"\" class=\"wp-image-41\" srcset=\"https:\/\/gite-provence-chateaumazane.com\/wp-content\/uploads\/2020\/11\/IMG_0251-1024x683.jpg 1024w, https:\/\/gite-provence-chateaumazane.com\/wp-content\/uploads\/2020\/11\/IMG_0251-300x200.jpg 300w, https:\/\/gite-provence-chateaumazane.com\/wp-content\/uploads\/2020\/11\/IMG_0251-768x512.jpg 768w, https:\/\/gite-provence-chateaumazane.com\/wp-content\/uploads\/2020\/11\/IMG_0251-1536x1024.jpg 1536w, https:\/\/gite-provence-chateaumazane.com\/wp-content\/uploads\/2020\/11\/IMG_0251-2048x1365.jpg 2048w\" sizes=\"auto, (max-width: 1024px) 100vw, 1024px\" \/><\/figure>\n<\/div><\/div>\n\n\n\n<div class=\"wp-block-column is-vertically-aligned-center is-layout-flow wp-block-column-is-layout-flow\" style=\"flex-basis:66.66%\">\n<p>Lors de votre s\u00e9jour vous aurez aussi la possibilit\u00e9 de d\u00e9couvrir notre savoir-faire et d\u00e9guster les vins de la vall\u00e9e du Rh\u00f4ne issus de notre exploitation familiale. Plus d&#8217;information sur <a rel=\"noreferrer noopener\" href=\"http:\/\/vignobles-alain-jaume.com\/\" target=\"_blank\">http:\/\/vignobles-alain-jaume.com\/<\/a>.<\/p>\n<\/div>\n<\/div>\n\n\n\n<div class=\"wp-block-columns is-layout-flex wp-container-core-columns-is-layout-9d6595d7 wp-block-columns-is-layout-flex\">\n<div class=\"wp-block-column is-layout-flow wp-block-column-is-layout-flow\"><\/div>\n\n\n\n<div class=\"wp-block-column is-layout-flow wp-block-column-is-layout-flow\" style=\"flex-basis:64.1%\">\n<figure class=\"wp-block-video\"><video height=\"1080\" style=\"aspect-ratio: 1920 \/ 1080;\" width=\"1920\" controls src=\"http:\/\/gite-provence-chateaumazane.com\/wp-content\/uploads\/2020\/12\/mazane.mov\"><\/video><\/figure>\n<\/div>\n\n\n\n<div class=\"wp-block-column is-layout-flow wp-block-column-is-layout-flow\"><\/div>\n<\/div>\n\n\n<div class=\"wp-block-image is-style-rounded\">\n<figure class=\"alignright size-large\"><img loading=\"lazy\" decoding=\"async\" width=\"151\" height=\"94\" src=\"http:\/\/gite-provence-chateaumazane.com\/wp-content\/uploads\/2020\/12\/Gite-de-France-3-epis.png\" alt=\"\" class=\"wp-image-291\"\/><\/figure>\n<\/div>","protected":false},"excerpt":{"rendered":"<p>En plein coeur de la Provence et au centre du prestigieux vignoble de Vacqueyras, nous vous proposons une ravissante demeure au style Proven\u00e7al pour vos vacances. Cette propri\u00e9t\u00e9 d&#8217;onze hectares d&#8217;un calme absolu allie charme, caract\u00e8re et \u00e9l\u00e9gance. Le paysage environnant est tr\u00e8s reposant, avec vue sur le vignoble, les prestigieuses Dentelles de Montmirail et [&hellip;]<\/p>\n","protected":false},"author":1,"featured_media":0,"parent":0,"menu_order":0,"comment_status":"closed","ping_status":"closed","template":"","meta":{"ngg_post_thumbnail":0,"footnotes":""},"class_list":["post-28","page","type-page","status-publish","hentry","entry"],"_links":{"self":[{"href":"https:\/\/gite-provence-chateaumazane.com\/index.php?rest_route=\/wp\/v2\/pages\/28","targetHints":{"allow":["GET"]}}],"collection":[{"href":"https:\/\/gite-provence-chateaumazane.com\/index.php?rest_route=\/wp\/v2\/pages"}],"about":[{"href":"https:\/\/gite-provence-chateaumazane.com\/index.php?rest_route=\/wp\/v2\/types\/page"}],"author":[{"embeddable":true,"href":"https:\/\/gite-provence-chateaumazane.com\/index.php?rest_route=\/wp\/v2\/users\/1"}],"replies":[{"embeddable":true,"href":"https:\/\/gite-provence-chateaumazane.com\/index.php?rest_route=%2Fwp%2Fv2%2Fcomments&post=28"}],"version-history":[{"count":22,"href":"https:\/\/gite-provence-chateaumazane.com\/index.php?rest_route=\/wp\/v2\/pages\/28\/revisions"}],"predecessor-version":[{"id":319,"href":"https:\/\/gite-provence-chateaumazane.com\/index.php?rest_route=\/wp\/v2\/pages\/28\/revisions\/319"}],"wp:attachment":[{"href":"https:\/\/gite-provence-chateaumazane.com\/index.php?rest_route=%2Fwp%2Fv2%2Fmedia&parent=28"}],"curies":[{"name":"wp","href":"https:\/\/api.w.org\/{rel}","templated":true}]}}